{"id":3,"date":"2025-03-11T08:55:48","date_gmt":"2025-03-11T07:55:48","guid":{"rendered":"https:\/\/dsur.webmast.pl\/?page_id=3"},"modified":"2025-05-15T11:57:40","modified_gmt":"2025-05-15T09:57:40","slug":"polityka-prywatnosci","status":"publish","type":"page","link":"https:\/\/tomar-spzoo.pl\/en\/polityka-prywatnosci\/","title":{"rendered":"Polityka prywatno\u015bci"},"content":{"rendered":"<div data-elementor-type=\"wp-page\" data-elementor-id=\"3\" class=\"elementor elementor-3\">\n\t\t\t\t<div class=\"elementor-element elementor-element-b0143a8 e-flex e-con-boxed e-con e-parent\" data-id=\"b0143a8\" data-element_type=\"container\">\n\t\t\t\t\t<div class=\"e-con-inner\">\n\t\t\t\t<div class=\"elementor-element elementor-element-4445e607 elementor-widget elementor-widget-text-editor\" data-id=\"4445e607\" data-element_type=\"widget\" data-widget_type=\"text-editor.default\">\n\t\t\t\t<div class=\"elementor-widget-container\">\n\t\t\t\t\t\t\t\t\t<p data-start=\"247\" data-end=\"418\">Administratorem danych osobowych jest <strong data-start=\"285\" data-end=\"305\">Tomar Sp. z o.o.<\/strong>, z siedzib\u0105 przy ul. Hetma\u0144ska 70\/24, 58-316 Wa\u0142brzych, Polska, NIP: 8863027109, e-mail: <a class=\"cursor-pointer\" rel=\"noopener\" data-start=\"395\" data-end=\"417\">kontakt@tomar-spzoo.pl<\/a>.<\/p>\n<p data-start=\"420\" data-end=\"600\">Serwis <strong data-start=\"427\" data-end=\"445\">tomar-spzoo.pl<\/strong> dba o ochron\u0119 prywatno\u015bci u\u017cytkownik\u00f3w i przetwarza dane osobowe zgodnie z przepisami Rozporz\u0105dzenia Parlamentu Europejskiego i Rady (UE) 2016\/679 (RODO).<\/p>\n<h3 data-start=\"602\" data-end=\"634\">Zakres przetwarzanych danych<\/h3>\n<p data-start=\"635\" data-end=\"814\">Dane osobowe (np. imi\u0119, nazwisko, adres e-mail) zbierane s\u0105 wy\u0142\u0105cznie w przypadku dobrowolnego ich podania przez u\u017cytkownika, np. poprzez formularz kontaktowy lub kontakt mailowy.<\/p>\n<h3 data-start=\"816\" data-end=\"844\">Cel przetwarzania danych<\/h3>\n<p data-start=\"845\" data-end=\"873\">Dane przetwarzane s\u0105 w celu:<\/p>\n<ul data-start=\"874\" data-end=\"1035\">\n<li data-start=\"874\" data-end=\"924\">\n<p data-start=\"876\" data-end=\"924\">udzielenia odpowiedzi na zapytania u\u017cytkownik\u00f3w,<\/p>\n<\/li>\n<li data-start=\"925\" data-end=\"986\">\n<p data-start=\"927\" data-end=\"986\">prowadzenia korespondencji zwi\u0105zanej z dzia\u0142alno\u015bci\u0105 firmy,<\/p>\n<\/li>\n<li data-start=\"987\" data-end=\"1035\">\n<p data-start=\"989\" data-end=\"1035\">realizacji obowi\u0105zk\u00f3w prawnych Administratora.<\/p>\n<\/li>\n<\/ul>\n<h3 data-start=\"1037\" data-end=\"1070\">Podstawy prawne przetwarzania<\/h3>\n<p data-start=\"1071\" data-end=\"1105\">Dane s\u0105 przetwarzane na podstawie:<\/p>\n<ul data-start=\"1106\" data-end=\"1273\">\n<li data-start=\"1106\" data-end=\"1154\">\n<p data-start=\"1108\" data-end=\"1154\">zgody u\u017cytkownika (art. 6 ust. 1 lit. a RODO),<\/p>\n<\/li>\n<li data-start=\"1155\" data-end=\"1223\">\n<p data-start=\"1157\" data-end=\"1223\">uzasadnionego interesu Administratora (art. 6 ust. 1 lit. f RODO),<\/p>\n<\/li>\n<li data-start=\"1224\" data-end=\"1273\">\n<p data-start=\"1226\" data-end=\"1273\">obowi\u0105zku prawnego (art. 6 ust. 1 lit. c RODO).<\/p>\n<\/li>\n<\/ul>\n<h3 data-start=\"1275\" data-end=\"1296\">Prawa u\u017cytkownika<\/h3>\n<p data-start=\"1297\" data-end=\"1343\">Ka\u017cda osoba, kt\u00f3rej dane dotycz\u0105, ma prawo do:<\/p>\n<ul data-start=\"1344\" data-end=\"1569\">\n<li data-start=\"1344\" data-end=\"1371\">\n<p data-start=\"1346\" data-end=\"1371\">dost\u0119pu do swoich danych,<\/p>\n<\/li>\n<li data-start=\"1372\" data-end=\"1433\">\n<p data-start=\"1374\" data-end=\"1433\">ich sprostowania, usuni\u0119cia lub ograniczenia przetwarzania,<\/p>\n<\/li>\n<li data-start=\"1434\" data-end=\"1477\">\n<p data-start=\"1436\" data-end=\"1477\">wniesienia sprzeciwu wobec przetwarzania,<\/p>\n<\/li>\n<li data-start=\"1478\" data-end=\"1532\">\n<p data-start=\"1480\" data-end=\"1532\">cofni\u0119cia zgody (je\u015bli by\u0142a podstaw\u0105 przetwarzania),<\/p>\n<\/li>\n<li data-start=\"1533\" data-end=\"1569\">\n<p data-start=\"1535\" data-end=\"1569\">wniesienia skargi do Prezesa UODO.<\/p>\n<\/li>\n<\/ul>\n<h3 data-start=\"1571\" data-end=\"1588\">Pliki cookies<\/h3>\n<p data-start=\"1589\" data-end=\"1746\">Strona mo\u017ce u\u017cywa\u0107 plik\u00f3w cookies w celach statystycznych i funkcjonalnych. U\u017cytkownik mo\u017ce zarz\u0105dza\u0107 plikami cookies poprzez ustawienia swojej przegl\u0105darki.<\/p>\n<h3 data-start=\"1748\" data-end=\"1759\">Kontakt<\/h3>\n<p data-start=\"1760\" data-end=\"1861\">W sprawach zwi\u0105zanych z przetwarzaniem danych osobowych prosimy o kontakt:<br \/><strong data-start=\"1835\" data-end=\"1861\"><a class=\"cursor-pointer\" rel=\"noopener\" data-start=\"1837\" data-end=\"1859\">kontakt@tomar-spzoo.pl<\/a><\/strong><\/p>\t\t\t\t\t\t\t\t<\/div>\n\t\t\t\t<\/div>\n\t\t\t\t\t<\/div>\n\t\t\t\t<\/div>\n\t\t\t\t<\/div>","protected":false},"excerpt":{"rendered":"<p>Administratorem danych osobowych jest Tomar Sp. z o.o., z siedzib\u0105 przy ul. Hetma\u0144ska 70\/24, 58-316 Wa\u0142brzych, Polska, NIP: 8863027109, e-mail: kontakt@tomar-spzoo.pl. Serwis tomar-spzoo.pl dba o ochron\u0119 prywatno\u015bci u\u017cytkownik\u00f3w i przetwarza dane osobowe zgodnie z przepisami Rozporz\u0105dzenia Parlamentu Europejskiego i Rady (UE) 2016\/679 (RODO). Zakres przetwarzanych danych Dane osobowe (np. imi\u0119, nazwisko, adres e-mail) zbierane s\u0105 [&hellip;]<\/p>","protected":false},"author":1,"featured_media":0,"parent":0,"menu_order":0,"comment_status":"closed","ping_status":"open","template":"","meta":{"footnotes":""},"class_list":["post-3","page","type-page","status-publish","hentry"],"blocksy_meta":[],"yoast_head":"<!-- This site is optimized with the Yoast SEO plugin v26.5 - https:\/\/yoast.com\/wordpress\/plugins\/seo\/ -->\n<title>Polityka prywatno\u015bci - Tomar-spzoo.pl<\/title>\n<meta name=\"robots\" content=\"index, follow, max-snippet:-1, max-image-preview:large, max-video-preview:-1\" \/>\n<link rel=\"canonical\" href=\"https:\/\/tomar-spzoo.pl\/en\/polityka-prywatnosci\/\" \/>\n<meta property=\"og:locale\" content=\"en_GB\" \/>\n<meta property=\"og:type\" content=\"article\" \/>\n<meta property=\"og:title\" content=\"Polityka prywatno\u015bci - Tomar-spzoo.pl\" \/>\n<meta property=\"og:description\" content=\"Administratorem danych osobowych jest Tomar Sp. z o.o., z siedzib\u0105 przy ul. Hetma\u0144ska 70\/24, 58-316 Wa\u0142brzych, Polska, NIP: 8863027109, e-mail: kontakt@tomar-spzoo.pl. Serwis tomar-spzoo.pl dba o ochron\u0119 prywatno\u015bci u\u017cytkownik\u00f3w i przetwarza dane osobowe zgodnie z przepisami Rozporz\u0105dzenia Parlamentu Europejskiego i Rady (UE) 2016\/679 (RODO). Zakres przetwarzanych danych Dane osobowe (np. imi\u0119, nazwisko, adres e-mail) zbierane s\u0105 [&hellip;]\" \/>\n<meta property=\"og:url\" content=\"https:\/\/tomar-spzoo.pl\/en\/polityka-prywatnosci\/\" \/>\n<meta property=\"og:site_name\" content=\"Tomar-spzoo.pl\" \/>\n<meta property=\"article:modified_time\" content=\"2025-05-15T09:57:40+00:00\" \/>\n<meta name=\"twitter:card\" content=\"summary_large_image\" \/>\n<meta name=\"twitter:label1\" content=\"Estimated reading time\" \/>\n\t<meta name=\"twitter:data1\" content=\"2 minutes\" \/>\n<script type=\"application\/ld+json\" class=\"yoast-schema-graph\">{\"@context\":\"https:\/\/schema.org\",\"@graph\":[{\"@type\":\"WebPage\",\"@id\":\"https:\/\/tomar-spzoo.pl\/polityka-prywatnosci\/\",\"url\":\"https:\/\/tomar-spzoo.pl\/polityka-prywatnosci\/\",\"name\":\"Polityka prywatno\u015bci - Tomar-spzoo.pl\",\"isPartOf\":{\"@id\":\"https:\/\/tomar-spzoo.pl\/#website\"},\"datePublished\":\"2025-03-11T07:55:48+00:00\",\"dateModified\":\"2025-05-15T09:57:40+00:00\",\"breadcrumb\":{\"@id\":\"https:\/\/tomar-spzoo.pl\/polityka-prywatnosci\/#breadcrumb\"},\"inLanguage\":\"en-GB\",\"potentialAction\":[{\"@type\":\"ReadAction\",\"target\":[\"https:\/\/tomar-spzoo.pl\/polityka-prywatnosci\/\"]}]},{\"@type\":\"BreadcrumbList\",\"@id\":\"https:\/\/tomar-spzoo.pl\/polityka-prywatnosci\/#breadcrumb\",\"itemListElement\":[{\"@type\":\"ListItem\",\"position\":1,\"name\":\"Strona g\u0142\u00f3wna\",\"item\":\"https:\/\/tomar-spzoo.pl\/\"},{\"@type\":\"ListItem\",\"position\":2,\"name\":\"Polityka prywatno\u015bci\"}]},{\"@type\":\"WebSite\",\"@id\":\"https:\/\/tomar-spzoo.pl\/#website\",\"url\":\"https:\/\/tomar-spzoo.pl\/\",\"name\":\"Tomar-spzoo.pl\",\"description\":\"\",\"publisher\":{\"@id\":\"https:\/\/tomar-spzoo.pl\/#organization\"},\"potentialAction\":[{\"@type\":\"SearchAction\",\"target\":{\"@type\":\"EntryPoint\",\"urlTemplate\":\"https:\/\/tomar-spzoo.pl\/?s={search_term_string}\"},\"query-input\":{\"@type\":\"PropertyValueSpecification\",\"valueRequired\":true,\"valueName\":\"search_term_string\"}}],\"inLanguage\":\"en-GB\"},{\"@type\":\"Organization\",\"@id\":\"https:\/\/tomar-spzoo.pl\/#organization\",\"name\":\"Tomar-spzoo.pl\",\"url\":\"https:\/\/tomar-spzoo.pl\/\",\"logo\":{\"@type\":\"ImageObject\",\"inLanguage\":\"en-GB\",\"@id\":\"https:\/\/tomar-spzoo.pl\/#\/schema\/logo\/image\/\",\"url\":\"https:\/\/tomar-spzoo.pl\/wp-content\/uploads\/2025\/05\/tomar-logo.png\",\"contentUrl\":\"https:\/\/tomar-spzoo.pl\/wp-content\/uploads\/2025\/05\/tomar-logo.png\",\"width\":1000,\"height\":1000,\"caption\":\"Tomar-spzoo.pl\"},\"image\":{\"@id\":\"https:\/\/tomar-spzoo.pl\/#\/schema\/logo\/image\/\"}}]}<\/script>\n<!-- \/ Yoast SEO plugin. -->","yoast_head_json":{"title":"Polityka prywatno\u015bci - Tomar-spzoo.pl","robots":{"index":"index","follow":"follow","max-snippet":"max-snippet:-1","max-image-preview":"max-image-preview:large","max-video-preview":"max-video-preview:-1"},"canonical":"https:\/\/tomar-spzoo.pl\/en\/polityka-prywatnosci\/","og_locale":"en_GB","og_type":"article","og_title":"Polityka prywatno\u015bci - Tomar-spzoo.pl","og_description":"Administratorem danych osobowych jest Tomar Sp. z o.o., z siedzib\u0105 przy ul. Hetma\u0144ska 70\/24, 58-316 Wa\u0142brzych, Polska, NIP: 8863027109, e-mail: kontakt@tomar-spzoo.pl. Serwis tomar-spzoo.pl dba o ochron\u0119 prywatno\u015bci u\u017cytkownik\u00f3w i przetwarza dane osobowe zgodnie z przepisami Rozporz\u0105dzenia Parlamentu Europejskiego i Rady (UE) 2016\/679 (RODO). Zakres przetwarzanych danych Dane osobowe (np. imi\u0119, nazwisko, adres e-mail) zbierane s\u0105 [&hellip;]","og_url":"https:\/\/tomar-spzoo.pl\/en\/polityka-prywatnosci\/","og_site_name":"Tomar-spzoo.pl","article_modified_time":"2025-05-15T09:57:40+00:00","twitter_card":"summary_large_image","twitter_misc":{"Estimated reading time":"2 minutes"},"schema":{"@context":"https:\/\/schema.org","@graph":[{"@type":"WebPage","@id":"https:\/\/tomar-spzoo.pl\/polityka-prywatnosci\/","url":"https:\/\/tomar-spzoo.pl\/polityka-prywatnosci\/","name":"Polityka prywatno\u015bci - Tomar-spzoo.pl","isPartOf":{"@id":"https:\/\/tomar-spzoo.pl\/#website"},"datePublished":"2025-03-11T07:55:48+00:00","dateModified":"2025-05-15T09:57:40+00:00","breadcrumb":{"@id":"https:\/\/tomar-spzoo.pl\/polityka-prywatnosci\/#breadcrumb"},"inLanguage":"en-GB","potentialAction":[{"@type":"ReadAction","target":["https:\/\/tomar-spzoo.pl\/polityka-prywatnosci\/"]}]},{"@type":"BreadcrumbList","@id":"https:\/\/tomar-spzoo.pl\/polityka-prywatnosci\/#breadcrumb","itemListElement":[{"@type":"ListItem","position":1,"name":"Strona g\u0142\u00f3wna","item":"https:\/\/tomar-spzoo.pl\/"},{"@type":"ListItem","position":2,"name":"Polityka prywatno\u015bci"}]},{"@type":"WebSite","@id":"https:\/\/tomar-spzoo.pl\/#website","url":"https:\/\/tomar-spzoo.pl\/","name":"Tomar-spzoo.pl","description":"","publisher":{"@id":"https:\/\/tomar-spzoo.pl\/#organization"},"potentialAction":[{"@type":"SearchAction","target":{"@type":"EntryPoint","urlTemplate":"https:\/\/tomar-spzoo.pl\/?s={search_term_string}"},"query-input":{"@type":"PropertyValueSpecification","valueRequired":true,"valueName":"search_term_string"}}],"inLanguage":"en-GB"},{"@type":"Organization","@id":"https:\/\/tomar-spzoo.pl\/#organization","name":"Tomar-spzoo.pl","url":"https:\/\/tomar-spzoo.pl\/","logo":{"@type":"ImageObject","inLanguage":"en-GB","@id":"https:\/\/tomar-spzoo.pl\/#\/schema\/logo\/image\/","url":"https:\/\/tomar-spzoo.pl\/wp-content\/uploads\/2025\/05\/tomar-logo.png","contentUrl":"https:\/\/tomar-spzoo.pl\/wp-content\/uploads\/2025\/05\/tomar-logo.png","width":1000,"height":1000,"caption":"Tomar-spzoo.pl"},"image":{"@id":"https:\/\/tomar-spzoo.pl\/#\/schema\/logo\/image\/"}}]}},"_links":{"self":[{"href":"https:\/\/tomar-spzoo.pl\/en\/wp-json\/wp\/v2\/pages\/3","targetHints":{"allow":["GET"]}}],"collection":[{"href":"https:\/\/tomar-spzoo.pl\/en\/wp-json\/wp\/v2\/pages"}],"about":[{"href":"https:\/\/tomar-spzoo.pl\/en\/wp-json\/wp\/v2\/types\/page"}],"author":[{"embeddable":true,"href":"https:\/\/tomar-spzoo.pl\/en\/wp-json\/wp\/v2\/users\/1"}],"replies":[{"embeddable":true,"href":"https:\/\/tomar-spzoo.pl\/en\/wp-json\/wp\/v2\/comments?post=3"}],"version-history":[{"count":3,"href":"https:\/\/tomar-spzoo.pl\/en\/wp-json\/wp\/v2\/pages\/3\/revisions"}],"predecessor-version":[{"id":1421,"href":"https:\/\/tomar-spzoo.pl\/en\/wp-json\/wp\/v2\/pages\/3\/revisions\/1421"}],"wp:attachment":[{"href":"https:\/\/tomar-spzoo.pl\/en\/wp-json\/wp\/v2\/media?parent=3"}],"curies":[{"name":"wp","href":"https:\/\/api.w.org\/{rel}","templated":true}]}}